{"id":634,"date":"2026-04-24T16:14:47","date_gmt":"2026-04-24T16:14:47","guid":{"rendered":"https:\/\/grupomcaetano.pt\/?page_id=634"},"modified":"2026-05-09T02:06:01","modified_gmt":"2026-05-09T02:06:01","slug":"grupo","status":"publish","type":"page","link":"https:\/\/grupomcaetano.pt\/en\/grupo\/","title":{"rendered":"Group"},"content":{"rendered":"<div id=\"fws_69ff1cd04d752\"  data-column-margin=\"default\" data-midnight=\"light\"  class=\"wpb_row vc_row-fluid vc_row full-width-section vc_row-o-full-height vc_row-o-columns-middle vc_row-o-equal-height vc_row-flex parallax_section\"  style=\"padding-top: 0px; padding-bottom: 0px; \"><div class=\"row-bg-wrap\" data-bg-animation=\"zoom-out\" data-bg-animation-delay=\"\" data-bg-overlay=\"true\"><div class=\"inner-wrap row-bg-layer using-image\" ><div class=\"row-bg viewport-desktop using-image\" data-parallax-speed=\"fast\" style=\"background-image: url(https:\/\/grupomcaetano.pt\/wp-content\/uploads\/2026\/04\/Grupo-MCaetano.webp); background-position: center center; background-repeat: no-repeat; \"><\/div><\/div><div class=\"row-bg-overlay row-bg-layer\" style=\"background-color:#000000;  opacity: 0.5; \"><\/div><\/div><div class=\"row_col_wrap_12 col span_12 light left\">\n\t<div  class=\"vc_col-sm-12 wpb_column column_container vc_column_container col no-extra-padding inherit_tablet inherit_phone flex_gap_desktop_10px\"  data-padding-pos=\"all\" data-has-bg-color=\"false\" data-bg-color=\"\" data-bg-opacity=\"1\" data-animation=\"\" data-delay=\"0\" >\n\t\t<div class=\"vc_column-inner\" >\n\t\t\t<div class=\"wpb_wrapper\">\n\t\t\t\t<div class=\"nectar-split-heading  font_size_16px\" data-align=\"default\" data-m-align=\"inherit\" data-text-effect=\"default\" data-animation-type=\"line-reveal-by-space\" data-animation-delay=\"1500\" data-animation-offset=\"\" data-m-rm-animation=\"\" data-stagger=\"\" data-custom-font-size=\"true\" style=\"font-size: 16px; line-height: 17.28px;\"><h6 >GRUPO<\/h6><\/div><div class=\"nectar-split-heading\" data-align=\"default\" data-m-align=\"inherit\" data-text-effect=\"letter-reveal-top\" data-animation-type=\"line-reveal-by-space\" data-animation-delay=\"600\" data-animation-offset=\"\" data-m-rm-animation=\"\" data-stagger=\"\" data-custom-font-size=\"false\" ><h2 >GRUPO MCAETANO<\/h2><\/div><div id=\"fws_69ff1cd04fe9e\" data-midnight=\"\" data-column-margin=\"default\" class=\"wpb_row vc_row-fluid vc_row inner_row  row_position_absolute top_position_desktop_40vh left_position_desktop_0px\"  style=\"\"><div class=\"row-bg-wrap\"> <div class=\"row-bg\" ><\/div> <\/div><div class=\"row_col_wrap_12_inner col span_12  left\">\n\t<div  class=\"vc_col-sm-12 wpb_column column_container vc_column_container col child_column centered-text has-animation no-extra-padding force-desktop-text-align-center inherit_tablet inherit_phone\"   data-padding-pos=\"all\" data-has-bg-color=\"false\" data-bg-color=\"\" data-bg-opacity=\"1\" data-animation=\"grow-in\" data-delay=\"1600\" data-animation-offset=\"120%\" >\n\t\t<div class=\"vc_column-inner\" >\n\t\t<div class=\"wpb_wrapper\">\n\t\t\t<div class=\"nectar-next-section-wrap minimal-arrow alignment_tablet_default alignment_phone_default display_tablet_inherit display_phone_inherit translate_x_desktop_-25px translate_x_tablet_0px translate_x_phone_0px\" style=\"--nectar-icon-gap: 10px; --nectar-next-section-icon-size: 1; \" data-align=\"left\" data-custom-color=\"false\">\n    <a href=\"#\" class=\"nectar-next-section skip-hash\">\n      <span class=\"screen-reader-text\">Navigate to the next section<\/span>\n      <svg class=\"next-arrow\" width=\"40px\" height=\"68px\" viewbox=\"0 0 40 50\" xml:space=\"preserve\">\n      <path stroke=\"#ffffff\" stroke-width=\"2\" fill=\"none\" d=\"M 20 0 L 20 51\"><\/path>\n      <polyline stroke=\"#ffffff\" stroke-width=\"2\" fill=\"none\" points=\"12, 44 20, 52 28, 44\"><\/polyline>\n      <\/svg>\n    <\/a>\n  <\/div>\n\t\t<\/div> \n\t<\/div>\n\t<\/div> \n<\/div><\/div>\n\t\t\t<\/div> \n\t\t<\/div>\n\t<\/div> \n<\/div><\/div>\n\t\t<div id=\"fws_69ff1cd0598ad\"  data-column-margin=\"default\" data-midnight=\"dark\"  class=\"wpb_row vc_row-fluid vc_row\"  style=\"padding-top: 80px; padding-bottom: 80px; \"><div class=\"row-bg-wrap\" data-bg-animation=\"none\" data-bg-animation-delay=\"\" data-bg-overlay=\"false\"><div class=\"inner-wrap row-bg-layer\" ><div class=\"row-bg viewport-desktop\"  style=\"\"><\/div><\/div><\/div><div class=\"row_col_wrap_12 col span_12 dark left\">\n\t<div  class=\"vc_col-sm-12 wpb_column column_container vc_column_container col no-extra-padding inherit_tablet inherit_phone flex_gap_desktop_10px\"  data-padding-pos=\"all\" data-has-bg-color=\"false\" data-bg-color=\"\" data-bg-opacity=\"1\" data-animation=\"\" data-delay=\"0\" >\n\t\t<div class=\"vc_column-inner\" >\n\t\t\t<div class=\"wpb_wrapper\">\n\t\t\t\t<div class=\"nectar-split-heading\" data-align=\"center\" data-m-align=\"center\" data-text-effect=\"default\" data-animation-type=\"line-reveal-by-space\" data-animation-delay=\"0\" data-animation-offset=\"\" data-m-rm-animation=\"\" data-stagger=\"\" data-custom-font-size=\"false\" ><h1 >UNIDOS PELA MESMA VIS\u00c3O<\/h1><\/div><div id=\"fws_69ff1cd05b5ad\" data-midnight=\"\" data-column-margin=\"default\" class=\"wpb_row vc_row-fluid vc_row inner_row\"  style=\"\"><div class=\"row-bg-wrap\"> <div class=\"row-bg\" ><\/div> <\/div><div class=\"row_col_wrap_12_inner col span_12  left\">\n\t<div  class=\"vc_col-sm-12 vc_hidden-sm vc_hidden-xs wpb_column column_container vc_column_container col child_column no-extra-padding inherit_tablet inherit_phone\"   data-padding-pos=\"all\" data-has-bg-color=\"false\" data-bg-color=\"\" data-bg-opacity=\"1\" data-animation=\"\" data-delay=\"0\" >\n\t\t<div class=\"vc_column-inner\" >\n\t\t<div class=\"wpb_wrapper\">\n\t\t\t\n<div class=\"wpb_text_column wpb_content_element  wpb_animate_when_almost_visible wpb_top-to-bottom top-to-bottom\" >\n\t<p style=\"text-align: center;\">Com presen\u00e7a em m\u00faltiplos setores de atividade, o Grupo MCaetano consolida uma estrutura empresarial diversificada e integrada. As empresas que o comp\u00f5em partilham princ\u00edpios de qualidade, profissionalismo e inova\u00e7\u00e3o, atuando de forma complementar para potenciar sinergias, crescimento sustentado e diferencia\u00e7\u00e3o no mercado.<br \/>\nCada entidade desenvolve a sua atividade com identidade pr\u00f3pria e especializa\u00e7\u00e3o t\u00e9cnica, contribuindo para uma vis\u00e3o estrat\u00e9gica comum assente na cria\u00e7\u00e3o de valor, na solidez operacional e na excel\u00eancia dos servi\u00e7os prestados. Esta abordagem integrada permite ao Grupo refor\u00e7ar a sua posi\u00e7\u00e3o nos setores onde opera, promovendo consist\u00eancia, confian\u00e7a e uma evolu\u00e7\u00e3o cont\u00ednua orientada para o futuro.<\/p>\n<\/div>\n\n\n\n\n\t\t<\/div> \n\t<\/div>\n\t<\/div> \n<\/div><\/div>\n\t\t\t<\/div> \n\t\t<\/div>\n\t<\/div> \n<\/div><\/div>\n\t\t<div id=\"fws_69ff1cd05d97b\"  data-column-margin=\"60px\" data-midnight=\"dark\"  class=\"wpb_row vc_row-fluid vc_row vc_row-o-equal-height vc_row-flex  bottom_margin_100px\"  style=\"padding-top: 0px; padding-bottom: 0px; \"><div class=\"row-bg-wrap\" data-bg-animation=\"none\" data-bg-animation-delay=\"\" data-bg-overlay=\"false\"><div class=\"inner-wrap row-bg-layer\" ><div class=\"row-bg viewport-desktop\"  style=\"\"><\/div><\/div><\/div><div class=\"row_col_wrap_12 col span_12 dark left\">\n\t<div  class=\"vc_col-sm-4 wpb_column column_container vc_column_container col has-animation no-extra-padding inherit_tablet inherit_phone\"  data-padding-pos=\"all\" data-has-bg-color=\"false\" data-bg-color=\"\" data-bg-opacity=\"1\" data-animation=\"fade-in-from-bottom\" data-delay=\"300\" >\n\t\t<div class=\"vc_column-inner\" >\n\t\t\t<div class=\"wpb_wrapper\">\n\t\t\t\t<div class=\"img-with-aniamtion-wrap center\" data-max-width=\"100%\" data-max-width-mobile=\"default\" data-shadow=\"none\" data-animation=\"none\" >\n      <div class=\"inner\">\n        <div class=\"hover-wrap\"> \n          <div class=\"hover-wrap-inner\">\n            <img loading=\"lazy\" decoding=\"async\" class=\"img-with-animation skip-lazy\" data-delay=\"0\" height=\"220\" width=\"250\" data-animation=\"none\" src=\"https:\/\/grupomcaetano.pt\/wp-content\/uploads\/2026\/04\/logo-crossfit-IK.webp\" alt=\"\"  \/>\n          <\/div>\n        <\/div>\n        \n      <\/div>\n    <\/div>\n<div class=\"wpb_text_column wpb_content_element  vc_custom_1777050070979\" >\n\t<h6>FITNESS AND WELL-BEING<\/h6>\n<p>A marca CrossFit Ideal Korpus representa a vertente de treino de alta intensidade do grupo, orientada para performance, supera\u00e7\u00e3o e resultados.<\/p>\n<p>Assente numa metodologia estruturada e acompanhamento t\u00e9cnico especializado promove um ambiente onde disciplina, compromisso e motiva\u00e7\u00e3o potenciam o m\u00e1ximo desempenho de cada atleta.<\/p>\n<\/div>\n\n\n\n\n\t\t\t<\/div> \n\t\t<\/div>\n\t<\/div> \n\n\t<div  class=\"vc_col-sm-4 wpb_column column_container vc_column_container col has-animation no-extra-padding inherit_tablet inherit_phone\"  data-padding-pos=\"all\" data-has-bg-color=\"false\" data-bg-color=\"\" data-bg-opacity=\"1\" data-animation=\"fade-in-from-bottom\" data-delay=\"600\" >\n\t\t<div class=\"vc_column-inner\" >\n\t\t\t<div class=\"wpb_wrapper\">\n\t\t\t\t<div class=\"img-with-aniamtion-wrap center\" data-max-width=\"100%\" data-max-width-mobile=\"default\" data-shadow=\"none\" data-animation=\"none\" >\n      <div class=\"inner\">\n        <div class=\"hover-wrap\"> \n          <div class=\"hover-wrap-inner\">\n            <img loading=\"lazy\" decoding=\"async\" class=\"img-with-animation skip-lazy\" data-delay=\"0\" height=\"220\" width=\"250\" data-animation=\"none\" src=\"https:\/\/grupomcaetano.pt\/wp-content\/uploads\/2026\/04\/Clinik.webp\" alt=\"\"  \/>\n          <\/div>\n        <\/div>\n        \n      <\/div>\n    <\/div>\n<div class=\"wpb_text_column wpb_content_element  vc_custom_1777050080094\" >\n\t<h6>ADVANCED AESTHETIC MEDICINE<\/h6>\n<p>A Clinik integra o grupo como uma unidade especializada em medicina est\u00e9tica avan\u00e7ada, orientada por rigor cl\u00ednico e inova\u00e7\u00e3o tecnol\u00f3gica.<\/p>\n<p>Com uma abordagem personalizada e sustentada na evid\u00eancia cient\u00edfica destaca-se pela credibilidade dos seus procedimentos e pelo foco na sa\u00fade, bem-estar e no aumento da autoestima dos pacientes.<\/p>\n<\/div>\n\n\n\n\n\t\t\t<\/div> \n\t\t<\/div>\n\t<\/div> \n\n\t<div  class=\"vc_col-sm-4 wpb_column column_container vc_column_container col has-animation no-extra-padding inherit_tablet inherit_phone\"  data-padding-pos=\"all\" data-has-bg-color=\"false\" data-bg-color=\"\" data-bg-opacity=\"1\" data-animation=\"fade-in-from-bottom\" data-delay=\"900\" >\n\t\t<div class=\"vc_column-inner\" >\n\t\t\t<div class=\"wpb_wrapper\">\n\t\t\t\t<div class=\"img-with-aniamtion-wrap center\" data-max-width=\"100%\" data-max-width-mobile=\"default\" data-shadow=\"none\" data-animation=\"none\" >\n      <div class=\"inner\">\n        <div class=\"hover-wrap\"> \n          <div class=\"hover-wrap-inner\">\n            <img loading=\"lazy\" decoding=\"async\" class=\"img-with-animation skip-lazy\" data-delay=\"0\" height=\"220\" width=\"250\" data-animation=\"none\" src=\"https:\/\/grupomcaetano.pt\/wp-content\/uploads\/2026\/04\/Group.webp\" alt=\"\"  \/>\n          <\/div>\n        <\/div>\n        \n      <\/div>\n    <\/div>\n<div class=\"wpb_text_column wpb_content_element  vc_custom_1777050085615\" >\n\t<h6>FITNESS AND WELL-BEING<\/h6>\n<p>O Ideal Korpus Fitness \u00e9 um espa\u00e7o de co-work fitness, localizado no Porto, concebido para personal trainers que valorizam autonomia e condi\u00e7\u00f5es diferenciadas para desenvolver o seu neg\u00f3cio.<\/p>\n<p>Com instala\u00e7\u00f5es modernas e totalmente equipadas, proporciona um ambiente profissional preparado para m\u00faltiplas abordagens de treino.<\/p>\n<\/div>\n\n\n\n\n\t\t\t<\/div> \n\t\t<\/div>\n\t<\/div> \n<\/div><\/div>\n\t\t<div id=\"fws_69ff1cd066a21\"  data-column-margin=\"60px\" data-midnight=\"dark\"  class=\"wpb_row vc_row-fluid vc_row vc_row-o-equal-height vc_row-flex  bottom_margin_100px\"  style=\"padding-top: 0px; padding-bottom: 0px; \"><div class=\"row-bg-wrap\" data-bg-animation=\"none\" data-bg-animation-delay=\"\" data-bg-overlay=\"false\"><div class=\"inner-wrap row-bg-layer\" ><div class=\"row-bg viewport-desktop\"  style=\"\"><\/div><\/div><\/div><div class=\"row_col_wrap_12 col span_12 dark left\">\n\t<div  class=\"vc_col-sm-4 wpb_column column_container vc_column_container col has-animation no-extra-padding inherit_tablet inherit_phone\"  data-padding-pos=\"all\" data-has-bg-color=\"false\" data-bg-color=\"\" data-bg-opacity=\"1\" data-animation=\"fade-in-from-bottom\" data-delay=\"300\" >\n\t\t<div class=\"vc_column-inner\" >\n\t\t\t<div class=\"wpb_wrapper\">\n\t\t\t\t<div class=\"img-with-aniamtion-wrap center\" data-max-width=\"100%\" data-max-width-mobile=\"default\" data-shadow=\"none\" data-animation=\"none\" >\n      <div class=\"inner\">\n        <div class=\"hover-wrap\"> \n          <div class=\"hover-wrap-inner\">\n            <img loading=\"lazy\" decoding=\"async\" class=\"img-with-animation skip-lazy\" data-delay=\"0\" height=\"220\" width=\"250\" data-animation=\"none\" src=\"https:\/\/grupomcaetano.pt\/wp-content\/uploads\/2026\/04\/Penafiel-Park-Hotel-Spa.webp\" alt=\"\"  \/>\n          <\/div>\n        <\/div>\n        \n      <\/div>\n    <\/div>\n<div class=\"wpb_text_column wpb_content_element  vc_custom_1778246607882\" >\n\t<h6>TURISMO E BEM-ESTAR<\/h6>\n<p>O Penafiel Park Hotel &amp; Spa \u00e9 uma unidade hoteleira de refer\u00eancia orientada por elevados padr\u00f5es de qualidade, profissionalismo e efici\u00eancia.<\/p>\n<p>Com uma infraestrutura moderna e uma oferta diferenciada nas \u00e1reas de alojamento, eventos e bem-estar assume-se como um espa\u00e7o que alia conforto, funcionalidade e excel\u00eancia de servi\u00e7o.<\/p>\n<\/div>\n\n\n\n\n\t\t\t<\/div> \n\t\t<\/div>\n\t<\/div> \n\n\t<div  class=\"vc_col-sm-4 wpb_column column_container vc_column_container col has-animation no-extra-padding inherit_tablet inherit_phone\"  data-padding-pos=\"all\" data-has-bg-color=\"false\" data-bg-color=\"\" data-bg-opacity=\"1\" data-animation=\"fade-in-from-bottom\" data-delay=\"600\" >\n\t\t<div class=\"vc_column-inner\" >\n\t\t\t<div class=\"wpb_wrapper\">\n\t\t\t\t<div class=\"img-with-aniamtion-wrap center\" data-max-width=\"100%\" data-max-width-mobile=\"default\" data-shadow=\"none\" data-animation=\"none\" >\n      <div class=\"inner\">\n        <div class=\"hover-wrap\"> \n          <div class=\"hover-wrap-inner\">\n            <img loading=\"lazy\" decoding=\"async\" class=\"img-with-animation skip-lazy\" data-delay=\"0\" height=\"220\" width=\"250\" data-animation=\"none\" src=\"https:\/\/grupomcaetano.pt\/wp-content\/uploads\/2026\/04\/Korpus-Padel-Gandra.webp\" alt=\"\"  \/>\n          <\/div>\n        <\/div>\n        \n      <\/div>\n    <\/div>\n<div class=\"wpb_text_column wpb_content_element  vc_custom_1777050523397\" >\n\t<h6>FITNESS AND WELL-BEING<\/h6>\n<p>O Clube de Padel Ideal Korpus \u00e9 um espa\u00e7o dedicado \u00e0 pr\u00e1tica de padel, ao conv\u00edvio e \u00e0 promo\u00e7\u00e3o de um estilo de vida ativo e saud\u00e1vel.<\/p>\n<p>Com infraestruturas modernas e organiza\u00e7\u00e3o regular de treinos, torneios e eventos assume-se como um polo dinamizador da modalidade na regi\u00e3o promovendo evolu\u00e7\u00e3o t\u00e9cnica e esp\u00edrito de equipa.<\/p>\n<\/div>\n\n\n\n\n\t\t\t<\/div> \n\t\t<\/div>\n\t<\/div> \n\n\t<div  class=\"vc_col-sm-4 wpb_column column_container vc_column_container col has-animation no-extra-padding inherit_tablet inherit_phone\"  data-padding-pos=\"all\" data-has-bg-color=\"false\" data-bg-color=\"\" data-bg-opacity=\"1\" data-animation=\"fade-in-from-bottom\" data-delay=\"900\" >\n\t\t<div class=\"vc_column-inner\" >\n\t\t\t<div class=\"wpb_wrapper\">\n\t\t\t\t<div class=\"img-with-aniamtion-wrap center\" data-max-width=\"100%\" data-max-width-mobile=\"default\" data-shadow=\"none\" data-animation=\"none\" >\n      <div class=\"inner\">\n        <div class=\"hover-wrap\"> \n          <div class=\"hover-wrap-inner\">\n            <img loading=\"lazy\" decoding=\"async\" class=\"img-with-animation skip-lazy\" data-delay=\"0\" height=\"220\" width=\"250\" data-animation=\"none\" src=\"https:\/\/grupomcaetano.pt\/wp-content\/uploads\/2026\/04\/Logo-04-2.webp\" alt=\"\"  \/>\n          <\/div>\n        <\/div>\n        \n      <\/div>\n    <\/div>\n<div class=\"wpb_text_column wpb_content_element  vc_custom_1778088741678\" >\n\t<h6>TOURISM AND LEISURE<\/h6>\n<p>A Quinta de Cep\u00eada \u00e9 um espa\u00e7o para a realiza\u00e7\u00e3o de eventos, localizada em Penafiel, no topo de uma colina com vista privilegiada sobre o rio e envolvida por uma paisagem campestre que proporciona o ambiente ideal para momentos inesquec\u00edveis.<\/p>\n<p>Disp\u00f5e de sal\u00e3o de eventos, \u00e1reas de apoio, bar e espa\u00e7os vers\u00e1teis preparados para celebra\u00e7\u00f5es personalizadas desde casamentos a eventos privados e corporativos.<\/p>\n<\/div>\n\n\n\n\n\t\t\t<\/div> \n\t\t<\/div>\n\t<\/div> \n<\/div><\/div>\n\t\t<div id=\"fws_69ff1cd0773f6\"  data-column-margin=\"60px\" data-midnight=\"dark\"  class=\"wpb_row vc_row-fluid vc_row vc_row-o-equal-height vc_row-flex  bottom_margin_100px\"  style=\"padding-top: 0px; padding-bottom: 0px; \"><div class=\"row-bg-wrap\" data-bg-animation=\"none\" data-bg-animation-delay=\"\" data-bg-overlay=\"false\"><div class=\"inner-wrap row-bg-layer\" ><div class=\"row-bg viewport-desktop\"  style=\"\"><\/div><\/div><\/div><div class=\"row_col_wrap_12 col span_12 dark left\">\n\t<div  class=\"vc_col-sm-4 wpb_column column_container vc_column_container col has-animation no-extra-padding inherit_tablet inherit_phone\"  data-padding-pos=\"all\" data-has-bg-color=\"false\" data-bg-color=\"\" data-bg-opacity=\"1\" data-animation=\"fade-in-from-bottom\" data-delay=\"300\" >\n\t\t<div class=\"vc_column-inner\" >\n\t\t\t<div class=\"wpb_wrapper\">\n\t\t\t\t<div class=\"img-with-aniamtion-wrap center\" data-max-width=\"100%\" data-max-width-mobile=\"default\" data-shadow=\"none\" data-animation=\"none\" >\n      <div class=\"inner\">\n        <div class=\"hover-wrap\"> \n          <div class=\"hover-wrap-inner\">\n            <img loading=\"lazy\" decoding=\"async\" class=\"img-with-animation skip-lazy\" data-delay=\"0\" height=\"220\" width=\"250\" data-animation=\"none\" src=\"https:\/\/grupomcaetano.pt\/wp-content\/uploads\/2026\/04\/Ideal-Korpus-Fitness.webp\" alt=\"\"  \/>\n          <\/div>\n        <\/div>\n        \n      <\/div>\n    <\/div>\n<div class=\"wpb_text_column wpb_content_element  vc_custom_1777050586853\" >\n\t<h6>FITNESS AND WELL-BEING<\/h6>\n<p>Os Gin\u00e1sios Ideal Korpus s\u00e3o espa\u00e7os dedicados ao bem-estar, \u00e0 sa\u00fade e \u00e0 evolu\u00e7\u00e3o cont\u00ednua.<\/p>\n<p>Com equipamentos modernos, profissionais qualificados e um ambiente inspirador proporciona uma experi\u00eancia completa para quem procura sa\u00fade, bem-estar e melhoria continua da condi\u00e7\u00e3o f\u00edsica.<\/p>\n<\/div>\n\n\n\n\n\t\t\t<\/div> \n\t\t<\/div>\n\t<\/div> \n\n\t<div  class=\"vc_col-sm-4 wpb_column column_container vc_column_container col has-animation no-extra-padding inherit_tablet inherit_phone\"  data-padding-pos=\"all\" data-has-bg-color=\"false\" data-bg-color=\"\" data-bg-opacity=\"1\" data-animation=\"fade-in-from-bottom\" data-delay=\"600\" >\n\t\t<div class=\"vc_column-inner\" >\n\t\t\t<div class=\"wpb_wrapper\">\n\t\t\t\t<div class=\"img-with-aniamtion-wrap center\" data-max-width=\"100%\" data-max-width-mobile=\"default\" data-shadow=\"none\" data-animation=\"none\" >\n      <div class=\"inner\">\n        <div class=\"hover-wrap\"> \n          <div class=\"hover-wrap-inner\">\n            <img loading=\"lazy\" decoding=\"async\" class=\"img-with-animation skip-lazy\" data-delay=\"0\" height=\"220\" width=\"250\" data-animation=\"none\" src=\"https:\/\/grupomcaetano.pt\/wp-content\/uploads\/2026\/04\/epik-logo-2.webp\" alt=\"\"  \/>\n          <\/div>\n        <\/div>\n        \n      <\/div>\n    <\/div>\n<div class=\"wpb_text_column wpb_content_element  vc_custom_1777050582403\" >\n\t<h6>FITNESS AND WELL-BEING<\/h6>\n<p>A EPIK \u00e9 uma marca dedicada ao M\u00e9todo Pilates assente nos princ\u00edpios de concentra\u00e7\u00e3o, controlo, precis\u00e3o, respira\u00e7\u00e3o e fluidez.<\/p>\n<p>Mais do que um sistema de condicionamento f\u00edsico, oferece uma abordagem integrada que que promove o equil\u00edbrio entre o corpo e a mente.<\/p>\n<\/div>\n\n\n\n\n\t\t\t<\/div> \n\t\t<\/div>\n\t<\/div> \n\n\t<div  class=\"vc_col-sm-4 wpb_column column_container vc_column_container col has-animation no-extra-padding inherit_tablet inherit_phone\"  data-padding-pos=\"all\" data-has-bg-color=\"false\" data-bg-color=\"\" data-bg-opacity=\"1\" data-animation=\"fade-in-from-bottom\" data-delay=\"900\" >\n\t\t<div class=\"vc_column-inner\" >\n\t\t\t<div class=\"wpb_wrapper\">\n\t\t\t\t<div class=\"img-with-aniamtion-wrap center\" data-max-width=\"100%\" data-max-width-mobile=\"default\" data-shadow=\"none\" data-animation=\"none\" >\n      <div class=\"inner\">\n        <div class=\"hover-wrap\"> \n          <div class=\"hover-wrap-inner\">\n            <img loading=\"lazy\" decoding=\"async\" class=\"img-with-animation skip-lazy\" data-delay=\"0\" height=\"220\" width=\"250\" data-animation=\"none\" src=\"https:\/\/grupomcaetano.pt\/wp-content\/uploads\/2026\/04\/Padel-Ideal-Korpus.webp\" alt=\"\"  \/>\n          <\/div>\n        <\/div>\n        \n      <\/div>\n    <\/div>\n<div class=\"wpb_text_column wpb_content_element  vc_custom_1777050629569\" >\n\t<h6>FITNESS AND WELL-BEING<\/h6>\n<p>O Ideal Korpus Padel Gandra \u00e9 um espa\u00e7o moderno e din\u00e2mico dedicado \u00e0 pr\u00e1tica de padel, pensado para proporcionar uma experi\u00eancia desportiva de excel\u00eancia.<\/p>\n<p>Com instala\u00e7\u00f5es de qualidade e um ambiente acolhedor \u00e9 o local ideal tanto para jogadores iniciantes como para atletas experientes.<\/p>\n<\/div>\n\n\n\n\n\t\t\t<\/div> \n\t\t<\/div>\n\t<\/div> \n<\/div><\/div>\n\t\t<div id=\"fws_69ff1cd07df0e\"  data-column-margin=\"default\" data-midnight=\"light\"  class=\"wpb_row vc_row-fluid vc_row full-width-section has-row-bg-color\"  style=\"padding-top: 80px; padding-bottom: 80px; --row-bg-color: #292929;\"><div class=\"row-bg-wrap\" data-bg-animation=\"none\" data-bg-animation-delay=\"\" data-bg-overlay=\"false\"><div class=\"inner-wrap row-bg-layer\" ><div class=\"row-bg viewport-desktop using-bg-color\"  style=\"background-color: #292929; \"><\/div><\/div><\/div><div class=\"row_col_wrap_12 col span_12 light left\">\n\t<div  class=\"vc_col-sm-12 wpb_column column_container vc_column_container col no-extra-padding inherit_tablet inherit_phone flex_gap_desktop_10px\"  data-padding-pos=\"all\" data-has-bg-color=\"false\" data-bg-color=\"\" data-bg-opacity=\"1\" data-animation=\"\" data-delay=\"0\" >\n\t\t<div class=\"vc_column-inner\" >\n\t\t\t<div class=\"wpb_wrapper\">\n\t\t\t\t<div class=\"nectar-responsive-text nectar-link-underline-effect\" style=\"color: #BDB08F;\" data-inherit-heading-family=\"h6\"><p>\u2022 GET IN TOUCH<\/p>\n<\/div><div class=\"nectar-split-heading\" data-align=\"default\" data-m-align=\"inherit\" data-text-effect=\"letter-reveal-fade-bottom\" data-animation-type=\"line-reveal-by-space\" data-animation-delay=\"0\" data-animation-offset=\"\" data-m-rm-animation=\"\" data-stagger=\"\" data-custom-font-size=\"false\" ><h2 >BOOK YOUR VISIT<\/h2><\/div><div id=\"fws_69ff1cd07ff3d\" data-midnight=\"\" data-column-margin=\"default\" class=\"wpb_row vc_row-fluid vc_row inner_row\"  style=\"\"><div class=\"row-bg-wrap\"> <div class=\"row-bg\" ><\/div> <\/div><div class=\"row_col_wrap_12_inner col span_12  left\">\n\t<div  class=\"vc_col-sm-8 wpb_column column_container vc_column_container col child_column no-extra-padding inherit_tablet inherit_phone flex_gap_desktop_10px\"   data-padding-pos=\"all\" data-has-bg-color=\"false\" data-bg-color=\"\" data-bg-opacity=\"1\" data-animation=\"\" data-delay=\"0\" >\n\t\t<div class=\"vc_column-inner\" >\n\t\t<div class=\"wpb_wrapper\">\n\t\t\t\n<div class=\"wpb_text_column wpb_content_element\" style=\" max-width: 580px; display: inline-block;\">\n\t<p>Inspired by our vision? We'll be happy to help you realise your next prestigious investment.<\/p>\n<\/div>\n\n\n\n\n\t\t<\/div> \n\t<\/div>\n\t<\/div> \n\n\t<div  class=\"vc_col-sm-4 wpb_column column_container vc_column_container col child_column no-extra-padding inherit_tablet inherit_phone flex_gap_desktop_10px\"   data-padding-pos=\"all\" data-has-bg-color=\"false\" data-bg-color=\"\" data-bg-opacity=\"1\" data-animation=\"\" data-delay=\"0\" >\n\t\t<div class=\"vc_column-inner\" >\n\t\t<div class=\"wpb_wrapper\">\n\t\t\t<div class=\"nectar-cta  hover_color_BDB08F text_hover_color_FFFFFF border_color_BDB08F hover_border_color_BDB08F border_thickness_1px alignment_tablet_default alignment_phone_default display_tablet_inherit display_phone_inherit\" data-color=\"default\" data-using-bg=\"false\" data-style=\"basic\" data-display=\"block\" data-alignment=\"right\" data-text-color=\"custom\" style=\"--nectar-text-color: #BDB08F; --nectar-button-color: var(--nectar-default); --nectar-button-color-hover: #BDB08F; --nectar-text-color-hover: #FFFFFF; --nectar-icon-gap: 10px; \"><span style=\"color: #BDB08F;\" class=\"nectar-button-type\"><span class=\"link_wrap\" style=\"padding-top: 15px; padding-right: 25px; padding-bottom: 15px; padding-left: 25px;\"><a  aria-label=\"See all\" class=\"link_text\" role=\"button\" href=\"\/en\/contactos\/#form\"><span class=\"text\">FORM \u21e2<\/span><\/a><\/span><\/span><\/div>\n\t\t<\/div> \n\t<\/div>\n\t<\/div> \n<\/div><\/div>\n\t\t\t<\/div> \n\t\t<\/div>\n\t<\/div> \n<\/div><\/div>","protected":false},"excerpt":{"rendered":"GRUPOGRUPO MCAETANO Navigate to the next section UNIDOS PELA MESMA VIS\u00c3O Com presen\u00e7a em m\u00faltiplos setores de atividade, o Grupo MCaetano consolida uma estrutura empresarial diversificada e integrada. As empresas...","protected":false},"author":1,"featured_media":0,"parent":0,"menu_order":0,"comment_status":"closed","ping_status":"closed","template":"","meta":{"footnotes":""},"class_list":["post-634","page","type-page","status-publish"],"_links":{"self":[{"href":"https:\/\/grupomcaetano.pt\/en\/wp-json\/wp\/v2\/pages\/634","targetHints":{"allow":["GET"]}}],"collection":[{"href":"https:\/\/grupomcaetano.pt\/en\/wp-json\/wp\/v2\/pages"}],"about":[{"href":"https:\/\/grupomcaetano.pt\/en\/wp-json\/wp\/v2\/types\/page"}],"author":[{"embeddable":true,"href":"https:\/\/grupomcaetano.pt\/en\/wp-json\/wp\/v2\/users\/1"}],"replies":[{"embeddable":true,"href":"https:\/\/grupomcaetano.pt\/en\/wp-json\/wp\/v2\/comments?post=634"}],"version-history":[{"count":11,"href":"https:\/\/grupomcaetano.pt\/en\/wp-json\/wp\/v2\/pages\/634\/revisions"}],"predecessor-version":[{"id":846,"href":"https:\/\/grupomcaetano.pt\/en\/wp-json\/wp\/v2\/pages\/634\/revisions\/846"}],"wp:attachment":[{"href":"https:\/\/grupomcaetano.pt\/en\/wp-json\/wp\/v2\/media?parent=634"}],"curies":[{"name":"wp","href":"https:\/\/api.w.org\/{rel}","templated":true}]}}