{"id":585,"date":"2026-04-24T02:56:17","date_gmt":"2026-04-24T02:56:17","guid":{"rendered":"https:\/\/grupomcaetano.pt\/?page_id=585"},"modified":"2026-04-28T03:23:24","modified_gmt":"2026-04-28T03:23:24","slug":"brevemente","status":"publish","type":"page","link":"https:\/\/grupomcaetano.pt\/en\/brevemente\/","title":{"rendered":"Coming soon"},"content":{"rendered":"\n\t\t<div id=\"fws_69ff283b12b5f\"  data-column-margin=\"default\" data-midnight=\"light\"  class=\"wpb_row vc_row-fluid vc_row full-width-section\"  style=\"padding-top: 80px; padding-bottom: 0px; \"><div class=\"row-bg-wrap\" data-bg-animation=\"none\" data-bg-animation-delay=\"\" data-bg-overlay=\"false\"><div class=\"inner-wrap row-bg-layer\" ><div class=\"row-bg viewport-desktop\"  style=\"\"><\/div><\/div><\/div><div class=\"row_col_wrap_12 col span_12 light left\">\n\t<div  class=\"vc_col-sm-12 wpb_column column_container vc_column_container col no-extra-padding inherit_tablet inherit_phone flex_gap_desktop_10px \"  data-padding-pos=\"all\" data-has-bg-color=\"false\" data-bg-color=\"\" data-bg-opacity=\"1\" data-animation=\"\" data-delay=\"0\" >\n\t\t<div class=\"vc_column-inner\" >\n\t\t\t<div class=\"wpb_wrapper\">\n\t\t\t\t<div class=\"nectar-responsive-text nectar-link-underline-effect\" style=\"color: #BDB08F;\" data-inherit-heading-family=\"h6\"><p>\u2022 BREVEMENTE<\/p>\n<\/div><div class=\"nectar-split-heading \" data-align=\"default\" data-m-align=\"inherit\" data-text-effect=\"default\" data-animation-type=\"line-reveal-by-space\" data-animation-delay=\"0\" data-animation-offset=\"\" data-m-rm-animation=\"\" data-stagger=\"true\" data-custom-font-size=\"false\" ><h2 >SEJA O PRIMEIRO A CONHECER ESTES EMPREENDIMENTOS<\/h2><\/div>\n<div class=\"wpb_text_column wpb_content_element  wpb_animate_when_almost_visible wpb_fadeInDown fadeInDown\" style=\" max-width: 830px; display: inline-block;\">\n\t<p>Viva num apartamento com soberbas paisagens, espa\u00e7os luminosos, amplos e confort\u00e1veis, pr\u00f3ximo dos servi\u00e7os e comodidades essenciais.<\/p>\n<\/div>\n\n\n\n\n\t\t\t<\/div> \n\t\t<\/div>\n\t<\/div> \n<\/div><\/div>\n\t\t<div id=\"fws_69ff283b154cd\"  data-column-margin=\"default\" data-midnight=\"light\" data-bottom-percent=\"5%\"  class=\"wpb_row vc_row-fluid vc_row full-width-section\"  style=\"padding-top: 0px; padding-bottom: calc(100vw * 0.05); \"><div class=\"row-bg-wrap\" data-bg-animation=\"none\" data-bg-animation-delay=\"\" data-bg-overlay=\"false\"><div class=\"inner-wrap row-bg-layer\" ><div class=\"row-bg viewport-desktop\"  style=\"\"><\/div><\/div><\/div><div class=\"row_col_wrap_12 col span_12 light left\">\n\t<div  class=\"vc_col-sm-12 wpb_column column_container vc_column_container col no-extra-padding inherit_tablet inherit_phone flex_gap_desktop_10px \"  data-padding-pos=\"all\" data-has-bg-color=\"false\" data-bg-color=\"\" data-bg-opacity=\"1\" data-animation=\"\" data-delay=\"0\" >\n\t\t<div class=\"vc_column-inner\" >\n\t\t\t<div class=\"wpb_wrapper\">\n\t\t\t\t<div class=\"nectar-flickity not-initialized nectar-carousel tb-spacing-30px vertical-alignment-middle \" data-indicator-style=\"tooltip_text\" data-indicator-bg=\"#BDB08F\" data-indicator-icon=\"#FFFFFF\" data-indicator-text=\"Drag\" data-centered-cells=\"true\" data-pause-on-hover=\"\" data-touch-icon-color=\"default\" data-control-color=\"default\" data-overflow=\"visible\" data-r-bottom-total=\"\" data-drag-scale=\"true\" data-wrap=\"no-wrap\" data-spacing=\"default\" data-controls=\"touch_total\" data-pagination-alignment=\"default\" data-adaptive-height=\"true\" data-border-radius=\"none\" data-column-border=\"\" data-column-padding=\"5px\" data-format=\"default\" data-autoplay=\"\" data-autoplay-dur=\"5000\" data-control-style=\"material_pagination\" data-desktop-columns=\"2\" data-small-desktop-columns=\"3\" data-tablet-columns=\"2\" data-phone-columns=\"1\" data-column-color=\"\"><div class=\"flickity-viewport\"> <div class=\"flickity-slider\"><div class=\"cell \"><div class=\"inner-wrap-outer\"><div class=\"inner-wrap\" style=\"background-image: url('https:\/\/grupomcaetano.pt\/wp-content\/uploads\/2026\/04\/Vector-5.png');\"><div class='nectar-post-grid-wrap abrir-modal-form text-color-light additional-meta-size-small spacing-10px' data-el-settings='{\"post_type\":\"portfolio\",\"pagination\":\"none\",\"image_size\":\"full\",\"parallax_scrolling\":\"\",\"aspect_ratio_image_size\":\"\",\"category_position\":\"below_title\",\"category_display\":\"default\",\"display_categories\":\"0\",\"display_excerpt\":\"0\",\"excerpt_length\":\"20\",\"content_next_to_image_excerpt_pos\":\"default\",\"display_date\":\"0\",\"display_estimated_reading_time\":\"0\",\"display_author\":\"0\",\"author_functionality\":\"default\",\"author_position\":\"default\",\"color_overlay\":\"\",\"color_overlay_opacity\":\"\",\"color_overlay_hover_opacity\":\"\",\"card_bg_color\":\"\",\"grid_style\":\"content_under_image\",\"hover_effect\":\"animated_underline_zoom\",\"post_title_overlay\":\"\",\"heading_tag\":\"h4\",\"heading_tag_render\":\"default\",\"enable_gallery_lightbox\":\"0\",\"remove_links\":\"yes\",\"category_style\":\"underline\",\"overlay_secondary_project_image\":\"yes\",\"vertical_list_hover_effect\":\"none\",\"vertical_list_read_more\":\"\",\"vertical_list_read_more_style\":\"text\",\"read_more_button\":\"0\",\"animation\":\"fade-in-from-right\",\"custom_fields\":\"%5B%7B%22meta_key%22%3A%22portfolio_estado%22%2C%22custom_format%22%3A%22%22%2C%22render_tag%22%3A%22h6%22%7D%5D\",\"custom_fields_location\":\"before_post_meta\",\"display_type\":\"grid\",\"text_content_layout\":\"top_left\"}' data-style='content_under_image' data-query='{\"post_type\":\"portfolio\",\"posts_per_page\":\"1\",\"order\":\"ASC\",\"orderby\":\"date\",\"offset\":\"0\",\"cpt_name\":\"post\",\"custom_query_tax\":\"\",\"ignore_sticky_posts\":\"\",\"exclude_current_post\":\"\"}' data-load-more-color='black' data-load-more-text='Load More'><div class=\"nectar-post-grid-filters\" data-active-color=\"default\" data-align=\"default\" data-animation=\"fade-in-from-right\" data-sortable=\"\"><div><a href=\"#\" data-filter=\"em-fase-de-projeto\" data-total-count=\"3\">EM FASE DE PROJETO<\/a><\/div><\/div><div class=\"nectar-post-grid overlay-secondary-project-image-left category-position-after-title \" data-indicator=\"\" data-indicator-style=\"default\" data-indicator-text-color=\"#fff\" data-indicator-color=\"#000\" data-indicator-text=\"View\" data-columns=\"1\" data-hover-effect=\"animated_underline_zoom\" data-text-style=\"default\" data-border-radius=\"none\" data-grid-item-height=\"30vh\" data-grid-spacing=\"10px\" data-text-layout=\"top_left\" data-text-color=\"light\" data-text-hover-color=\"light\" data-shadow-hover=\"\" data-animation=\"fade-in-from-right\" data-animation-stagger=\"400\" data-cat-click=\"default\"  data-lock-aspect=\"\"  data-text-align=\"left\" data-card=\"\" ><div class=\"nectar-post-grid-item nectar-underline\" data-post-id=\"599\" data-has-img=\"true\"> <div class=\"inner\"><div class=\"nectar-post-grid-item-bg-wrap\"><div class=\"nectar-post-grid-item-bg-wrap-inner\"><div class=\"nectar-post-grid-item-bg\"><img loading=\"lazy\" decoding=\"async\" width=\"605\" height=\"355\" src=\"https:\/\/grupomcaetano.pt\/wp-content\/uploads\/2026\/04\/ANTAS.webp\" class=\"nectar-post-grid-item-bg__media\" alt=\"\" srcset=\"https:\/\/grupomcaetano.pt\/wp-content\/uploads\/2026\/04\/ANTAS.webp 605w, https:\/\/grupomcaetano.pt\/wp-content\/uploads\/2026\/04\/ANTAS-300x176.webp 300w\" sizes=\"auto, (max-width: 605px) 100vw, 605px\" \/><\/div><\/div><\/div><div class=\"content\"><div class=\"item-main\"><h4 class=\"post-heading\"><span>ANTAS<\/span><\/h4><\/div><\/div><\/div><\/div><\/div><\/div><\/div><\/div><\/div><div class=\"cell \"><div class=\"inner-wrap-outer\"><div class=\"inner-wrap\" style=\"background-image: url('https:\/\/grupomcaetano.pt\/wp-content\/uploads\/2026\/04\/Vector-5.png');\"><div class='nectar-post-grid-wrap abrir-modal-form text-color-light additional-meta-size-small spacing-10px' data-el-settings='{\"post_type\":\"portfolio\",\"pagination\":\"none\",\"image_size\":\"full\",\"parallax_scrolling\":\"\",\"aspect_ratio_image_size\":\"\",\"category_position\":\"below_title\",\"category_display\":\"default\",\"display_categories\":\"0\",\"display_excerpt\":\"0\",\"excerpt_length\":\"20\",\"content_next_to_image_excerpt_pos\":\"default\",\"display_date\":\"0\",\"display_estimated_reading_time\":\"0\",\"display_author\":\"0\",\"author_functionality\":\"default\",\"author_position\":\"default\",\"color_overlay\":\"\",\"color_overlay_opacity\":\"\",\"color_overlay_hover_opacity\":\"\",\"card_bg_color\":\"\",\"grid_style\":\"content_under_image\",\"hover_effect\":\"animated_underline_zoom\",\"post_title_overlay\":\"\",\"heading_tag\":\"h4\",\"heading_tag_render\":\"default\",\"enable_gallery_lightbox\":\"0\",\"remove_links\":\"0\",\"category_style\":\"underline\",\"overlay_secondary_project_image\":\"yes\",\"vertical_list_hover_effect\":\"none\",\"vertical_list_read_more\":\"\",\"vertical_list_read_more_style\":\"text\",\"read_more_button\":\"0\",\"animation\":\"fade-in-from-right\",\"custom_fields\":\"%5B%7B%22meta_key%22%3A%22portfolio_estado%22%2C%22custom_format%22%3A%22%22%2C%22render_tag%22%3A%22h6%22%7D%5D\",\"custom_fields_location\":\"before_post_meta\",\"display_type\":\"grid\",\"text_content_layout\":\"top_left\"}' data-style='content_under_image' data-query='{\"post_type\":\"portfolio\",\"posts_per_page\":\"1\",\"order\":\"ASC\",\"orderby\":\"date\",\"offset\":\"1\",\"cpt_name\":\"post\",\"custom_query_tax\":\"\",\"ignore_sticky_posts\":\"\",\"exclude_current_post\":\"\"}' data-load-more-color='black' data-load-more-text='Load More'><div class=\"nectar-post-grid-filters\" data-active-color=\"default\" data-align=\"default\" data-animation=\"fade-in-from-right\" data-sortable=\"\"><div><a href=\"#\" data-filter=\"em-fase-de-projeto\" data-total-count=\"3\">EM FASE DE PROJETO<\/a><\/div><\/div><div class=\"nectar-post-grid overlay-secondary-project-image-left category-position-after-title \" data-indicator=\"\" data-indicator-style=\"default\" data-indicator-text-color=\"#fff\" data-indicator-color=\"#000\" data-indicator-text=\"View\" data-columns=\"1\" data-hover-effect=\"animated_underline_zoom\" data-text-style=\"default\" data-border-radius=\"none\" data-grid-item-height=\"30vh\" data-grid-spacing=\"10px\" data-text-layout=\"top_left\" data-text-color=\"light\" data-text-hover-color=\"light\" data-shadow-hover=\"\" data-animation=\"fade-in-from-right\" data-animation-stagger=\"400\" data-cat-click=\"default\"  data-lock-aspect=\"\"  data-text-align=\"left\" data-card=\"\" ><div class=\"nectar-post-grid-item nectar-underline\" data-post-id=\"597\" data-has-img=\"true\"> <div class=\"inner\"><div class=\"nectar-post-grid-item-bg-wrap\"><div class=\"nectar-post-grid-item-bg-wrap-inner\"><div class=\"nectar-post-grid-item-bg\"><img loading=\"lazy\" decoding=\"async\" width=\"605\" height=\"355\" src=\"https:\/\/grupomcaetano.pt\/wp-content\/uploads\/2026\/04\/BOAVISTA.webp\" class=\"nectar-post-grid-item-bg__media\" alt=\"\" srcset=\"https:\/\/grupomcaetano.pt\/wp-content\/uploads\/2026\/04\/BOAVISTA.webp 605w, https:\/\/grupomcaetano.pt\/wp-content\/uploads\/2026\/04\/BOAVISTA-300x176.webp 300w\" sizes=\"auto, (max-width: 605px) 100vw, 605px\" \/><\/div><\/div><\/div><div class=\"content\"><a class=\"nectar-post-grid-link\" href=\"https:\/\/grupomcaetano.pt\/en\/portfolio\/boavista\/\" ><span class=\"screen-reader-text\">BOAVISTA<\/span><\/a><div class=\"item-main\"><h4 class=\"post-heading\"><span>BOAVISTA<\/span><\/h4><\/div><\/div><\/div><\/div><\/div><\/div><\/div><\/div><\/div><div class=\"cell \"><div class=\"inner-wrap-outer\"><div class=\"inner-wrap\" style=\"background-image: url('https:\/\/grupomcaetano.pt\/wp-content\/uploads\/2026\/04\/Vector-5.png');\"><div class='nectar-post-grid-wrap abrir-modal-form text-color-light additional-meta-size-small spacing-10px' data-el-settings='{\"post_type\":\"portfolio\",\"pagination\":\"none\",\"image_size\":\"full\",\"parallax_scrolling\":\"\",\"aspect_ratio_image_size\":\"\",\"category_position\":\"below_title\",\"category_display\":\"default\",\"display_categories\":\"0\",\"display_excerpt\":\"0\",\"excerpt_length\":\"20\",\"content_next_to_image_excerpt_pos\":\"default\",\"display_date\":\"0\",\"display_estimated_reading_time\":\"0\",\"display_author\":\"0\",\"author_functionality\":\"default\",\"author_position\":\"default\",\"color_overlay\":\"\",\"color_overlay_opacity\":\"\",\"color_overlay_hover_opacity\":\"\",\"card_bg_color\":\"\",\"grid_style\":\"content_under_image\",\"hover_effect\":\"animated_underline_zoom\",\"post_title_overlay\":\"\",\"heading_tag\":\"h4\",\"heading_tag_render\":\"default\",\"enable_gallery_lightbox\":\"0\",\"remove_links\":\"0\",\"category_style\":\"underline\",\"overlay_secondary_project_image\":\"yes\",\"vertical_list_hover_effect\":\"none\",\"vertical_list_read_more\":\"\",\"vertical_list_read_more_style\":\"text\",\"read_more_button\":\"0\",\"animation\":\"fade-in-from-right\",\"custom_fields\":\"%5B%7B%22meta_key%22%3A%22portfolio_estado%22%2C%22custom_format%22%3A%22%22%2C%22render_tag%22%3A%22h6%22%7D%5D\",\"custom_fields_location\":\"before_post_meta\",\"display_type\":\"grid\",\"text_content_layout\":\"top_left\"}' data-style='content_under_image' data-query='{\"post_type\":\"portfolio\",\"posts_per_page\":\"1\",\"order\":\"ASC\",\"orderby\":\"date\",\"offset\":\"2\",\"cpt_name\":\"post\",\"custom_query_tax\":\"\",\"ignore_sticky_posts\":\"\",\"exclude_current_post\":\"\"}' data-load-more-color='black' data-load-more-text='Load More'><div class=\"nectar-post-grid-filters\" data-active-color=\"default\" data-align=\"default\" data-animation=\"fade-in-from-right\" data-sortable=\"\"><div><a href=\"#\" data-filter=\"em-fase-de-projeto\" data-total-count=\"3\">EM FASE DE PROJETO<\/a><\/div><\/div><div class=\"nectar-post-grid overlay-secondary-project-image-left category-position-after-title \" data-indicator=\"\" data-indicator-style=\"default\" data-indicator-text-color=\"#fff\" data-indicator-color=\"#000\" data-indicator-text=\"View\" data-columns=\"1\" data-hover-effect=\"animated_underline_zoom\" data-text-style=\"default\" data-border-radius=\"none\" data-grid-item-height=\"30vh\" data-grid-spacing=\"10px\" data-text-layout=\"top_left\" data-text-color=\"light\" data-text-hover-color=\"light\" data-shadow-hover=\"\" data-animation=\"fade-in-from-right\" data-animation-stagger=\"400\" data-cat-click=\"default\"  data-lock-aspect=\"\"  data-text-align=\"left\" data-card=\"\" ><div class=\"nectar-post-grid-item nectar-underline\" data-post-id=\"590\" data-has-img=\"true\"> <div class=\"inner\"><div class=\"nectar-post-grid-item-bg-wrap\"><div class=\"nectar-post-grid-item-bg-wrap-inner\"><div class=\"nectar-post-grid-item-bg\"><img loading=\"lazy\" decoding=\"async\" width=\"605\" height=\"355\" src=\"https:\/\/grupomcaetano.pt\/wp-content\/uploads\/2026\/04\/edp.webp\" class=\"nectar-post-grid-item-bg__media\" alt=\"\" srcset=\"https:\/\/grupomcaetano.pt\/wp-content\/uploads\/2026\/04\/edp.webp 605w, https:\/\/grupomcaetano.pt\/wp-content\/uploads\/2026\/04\/edp-300x176.webp 300w\" sizes=\"auto, (max-width: 605px) 100vw, 605px\" \/><\/div><\/div><\/div><div class=\"content\"><a class=\"nectar-post-grid-link\" href=\"https:\/\/grupomcaetano.pt\/en\/portfolio\/edp\/\" ><span class=\"screen-reader-text\">EDP<\/span><\/a><div class=\"item-main\"><h4 class=\"post-heading\"><span>EDP<\/span><\/h4><\/div><\/div><\/div><\/div><\/div><\/div><\/div><\/div><\/div><\/div><\/div><\/div>\n\t<div class=\"wpb_raw_code wpb_raw_html wpb_content_element\" >\n\t\t<div class=\"wpb_wrapper\">\n\t\t\t<div class=\"ff_form_modal\"><button data-lity data-lity-target=\"#ff_modal_instance_1\" class=\"ff_modal_btn ff-modal-trigger-escondido\">Abrir Formul\u00e1rio<\/button><div style=\"display: none\" class=\"ff_form_modal_body\"><div style=\"background-color: #292929\" class=\"ff_modal_container lity-hide\" id=\"ff_modal_instance_1\"><div class='fluentform ff-default fluentform_wrapper_3 ffs_default_wrap'><form data-form_id=\"3\" id=\"fluentform_3\" class=\"frm-fluent-form fluent_form_3 ff-el-form-top ff_form_instance_3_1 ff-form-loading ffs_default\" data-form_instance=\"ff_form_instance_3_1\" method=\"POST\" ><fieldset  style=\"border: none!important;margin: 0!important;padding: 0!important;background-color: transparent!important;box-shadow: none!important;outline: none!important; min-inline-size: 100%;\">\n                    <legend class=\"ff_screen_reader_title\" style=\"display: block; margin: 0!important;padding: 0!important;height: 0!important;text-indent: -999999px;width: 0!important;overflow:hidden;\">MODAL<\/legend>        <div\n                style=\"display: none!important; position: absolute!important; transform: translateX(1000%)!important;\"\n                class=\"ff-el-group ff-hpsf-container\"\n        >\n            <div class=\"ff-el-input--label asterisk-right\">\n                <label for=\"ff_3_item_sf\" aria-label=\"Contact\">\n                    Contact                <\/label>\n            <\/div>\n            <div class=\"ff-el-input--content\">\n                <input type=\"text\"\n                       name=\"item_3__fluent_sf\"\n                       class=\"ff-el-form-control\"\n                       id=\"ff_3_item_sf\"\n                \/>\n            <\/div>\n        <\/div>\n                <input type=\"hidden\" id=\"__fluent_protection_token_3\" class=\"fluent-form-token-field\" name=\"__fluent_protection_token_3\">\n        <input type='hidden' name='__fluent_form_embded_post_id' value='590' \/><input type=\"hidden\" id=\"_fluentform_3_fluentformnonce\" name=\"_fluentform_3_fluentformnonce\" value=\"4e1b12ca63\" \/><input type=\"hidden\" name=\"_wp_http_referer\" value=\"\/en\/wp-json\/wp\/v2\/pages\/585\" \/><div class='ff-el-group  ff-custom_html' tabindex='-1' data-name=\"custom_html-3_1\" ><h4 style=\"text-align: center\">SEJA O PRIMEIRO A CONHECER ESTES EMPREENDIMENTOS<\/h4>\n<p style=\"text-align: center\">Preencha o seguinte formul\u00e1rio e fique a par das nossas novidades<\/p><\/div><div data-type=\"name-element\" data-name=\"names\" class=\" ff-field_container ff-name-field-wrapper\" ><div class='ff-t-container'><div class='ff-t-cell '><div class='ff-el-group ff-el-form-hide_label'><div class=\"ff-el-input--label ff-el-is-required asterisk-right\"><label for='ff_3_names_first_name_' id='label_ff_3_names_first_name_' >Nome<\/label><\/div><div class='ff-el-input--content'><input type=\"text\" name=\"names[first_name]\" id=\"ff_3_names_first_name_\" class=\"ff-el-form-control\" placeholder=\"NOME\" aria-invalid=\"false\" aria-required=true><\/div><\/div><\/div><\/div><\/div><div class='ff-el-group ff-el-form-hide_label'><div class=\"ff-el-input--label ff-el-is-required asterisk-right\"><label for='ff_3_phone' id='label_ff_3_phone' aria-label=\"Telefone\">Telefone<\/label><\/div><div class='ff-el-input--content'><input name=\"phone\" class=\"ff-el-form-control ff-el-phone\" type=\"tel\" placeholder=\"TELEFONE\" data-name=\"phone\" id=\"ff_3_phone\" inputmode=\"tel\"  aria-invalid='false' aria-required=true><\/div><\/div><div class='ff-el-group ff-el-form-hide_label'><div class=\"ff-el-input--label asterisk-right\"><label for='ff_3_email' id='label_ff_3_email' aria-label=\"E-mail\">E-mail<\/label><\/div><div class='ff-el-input--content'><input type=\"email\" name=\"email\" id=\"ff_3_email\" class=\"ff-el-form-control\" placeholder=\"EMAIL\" data-name=\"email\"  aria-invalid=\"false\" aria-required=false><\/div><\/div><div class='ff-el-group ff-el-form-hide_label'><div class=\"ff-el-input--label asterisk-right\"><label for='ff_3_description' id='label_ff_3_description' aria-label=\"Mensagem\">Mensagem<\/label><\/div><div class='ff-el-input--content'><textarea aria-required=\"false\" aria-labelledby=\"label_ff_3_description\" name=\"description\" id=\"ff_3_description\" class=\"ff-el-form-control\" placeholder=\"MENSAGEM\" rows=\"3\" cols=\"2\" data-name=\"description\" ><\/textarea><\/div><\/div><div class='ff-el-group    ff-el-input--content'><div class='ff-el-form-check ff-el-tc'><label aria-label='Terms and Conditions: Ao assinalar esta caixa, concorda que leu e compreendeu a nossa pol\u00edtica de privacidade. Contains 1 link. Use tab navigation to review.' class='ff-el-form-check-label ff_tc_label' for=gdpr-agreement_fda277263c290d9ae820c96cc7d258f0><span class='ff_tc_checkbox'><input type=\"checkbox\" name=\"gdpr-agreement\" class=\"ff-el-form-check-input ff_gdpr_field\" data-name=\"gdpr-agreement\" id=\"gdpr-agreement_fda277263c290d9ae820c96cc7d258f0\"  value='on' aria-invalid='false' aria-required=true><\/span> <div class='ff_t_c'>Ao assinalar esta caixa, concorda que leu e compreendeu a nossa <a href=\"\/politica-de-privacidade\" rel=\"noopener\" target=\"_blank\">pol\u00edtica de privacidade<\/a>.<\/div><\/label><\/div><\/div><div class='ff-el-group ff-text-center ff_submit_btn_wrapper'><button type=\"submit\" class=\"ff-btn ff-btn-submit ff-btn-lg ff_btn_no_style\"  aria-label=\"ENVIAR\">ENVIAR<\/button><\/div><\/fieldset><\/form><div id='fluentform_3_errors' class='ff-errors-in-stack ff_form_instance_3_1 ff-form-loading_errors ff_form_instance_3_1_errors'><\/div><\/div>            <script type=\"text\/javascript\">\n                window.fluent_form_ff_form_instance_3_1 = {\"id\":\"3\",\"ajaxUrl\":\"https:\\\/\\\/grupomcaetano.pt\\\/wp-admin\\\/admin-ajax.php\",\"settings\":{\"layout\":{\"labelPlacement\":\"top\",\"asteriskPlacement\":\"asterisk-right\",\"helpMessagePlacement\":\"with_label\",\"errorMessagePlacement\":\"inline\",\"cssClassName\":\"\"},\"restrictions\":{\"denyEmptySubmission\":{\"enabled\":false}}},\"form_instance\":\"ff_form_instance_3_1\",\"form_id_selector\":\"fluentform_3\",\"rules\":{\"names[first_name]\":{\"required\":{\"value\":true,\"message\":\"Este campo \\u00e9 obrigat\\u00f3rio\",\"global_message\":\"Este campo \\u00e9 obrigat\\u00f3rio\",\"global\":true}},\"names[middle_name]\":{\"required\":{\"value\":false,\"message\":\"Este campo \\u00e9 obrigat\\u00f3rio\",\"global_message\":\"Este campo \\u00e9 obrigat\\u00f3rio\",\"global\":true}},\"names[last_name]\":{\"required\":{\"value\":false,\"message\":\"Este campo \\u00e9 obrigat\\u00f3rio\",\"global_message\":\"Este campo \\u00e9 obrigat\\u00f3rio\",\"global\":true}},\"phone\":{\"required\":{\"value\":true,\"global\":true,\"message\":\"Este campo \\u00e9 obrigat\\u00f3rio\",\"global_message\":\"Este campo \\u00e9 obrigat\\u00f3rio\"},\"valid_phone_number\":{\"value\":false,\"global\":true,\"message\":\"O n\\u00famero de telefone n\\u00e3o \\u00e9 v\\u00e1lido\",\"global_message\":\"O n\\u00famero de telefone n\\u00e3o \\u00e9 v\\u00e1lido\"}},\"email\":{\"required\":{\"value\":false,\"message\":\"Este campo \\u00e9 obrigat\\u00f3rio\",\"global_message\":\"Este campo \\u00e9 obrigat\\u00f3rio\",\"global\":true},\"email\":{\"value\":true,\"message\":\"Este campo deve conter um endere\\u00e7o de e-mail v\\u00e1lido\",\"global_message\":\"Este campo deve conter um endere\\u00e7o de e-mail v\\u00e1lido\",\"global\":true}},\"description\":{\"required\":{\"value\":false,\"message\":\"Este campo \\u00e9 obrigat\\u00f3rio\",\"global_message\":\"Este campo \\u00e9 obrigat\\u00f3rio\",\"global\":true}},\"gdpr-agreement\":{\"required\":{\"value\":true,\"message\":\"Este campo \\u00e9 obrigat\\u00f3rio\",\"global_message\":\"Este campo \\u00e9 obrigat\\u00f3rio\",\"global\":true}}},\"debounce_time\":300};\n                            <\/script>\n            <\/div><\/div><\/div>\n\t\t<\/div>\n\t<\/div>\n\n\t\t\t<\/div> \n\t\t<\/div>\n\t<\/div> \n<\/div><\/div>\n","protected":false},"excerpt":{"rendered":"","protected":false},"author":1,"featured_media":0,"parent":0,"menu_order":0,"comment_status":"closed","ping_status":"closed","template":"","meta":{"footnotes":""},"class_list":["post-585","page","type-page","status-publish"],"_links":{"self":[{"href":"https:\/\/grupomcaetano.pt\/en\/wp-json\/wp\/v2\/pages\/585","targetHints":{"allow":["GET"]}}],"collection":[{"href":"https:\/\/grupomcaetano.pt\/en\/wp-json\/wp\/v2\/pages"}],"about":[{"href":"https:\/\/grupomcaetano.pt\/en\/wp-json\/wp\/v2\/types\/page"}],"author":[{"embeddable":true,"href":"https:\/\/grupomcaetano.pt\/en\/wp-json\/wp\/v2\/users\/1"}],"replies":[{"embeddable":true,"href":"https:\/\/grupomcaetano.pt\/en\/wp-json\/wp\/v2\/comments?post=585"}],"version-history":[{"count":12,"href":"https:\/\/grupomcaetano.pt\/en\/wp-json\/wp\/v2\/pages\/585\/revisions"}],"predecessor-version":[{"id":738,"href":"https:\/\/grupomcaetano.pt\/en\/wp-json\/wp\/v2\/pages\/585\/revisions\/738"}],"wp:attachment":[{"href":"https:\/\/grupomcaetano.pt\/en\/wp-json\/wp\/v2\/media?parent=585"}],"curies":[{"name":"wp","href":"https:\/\/api.w.org\/{rel}","templated":true}]}}