{"id":3,"date":"2026-04-17T14:29:46","date_gmt":"2026-04-17T14:29:46","guid":{"rendered":"https:\/\/grupomcaetano.pt\/?page_id=3"},"modified":"2026-04-27T22:41:36","modified_gmt":"2026-04-27T22:41:36","slug":"politica-de-privacidade","status":"publish","type":"page","link":"https:\/\/grupomcaetano.pt\/en\/politica-de-privacidade\/","title":{"rendered":"Pol\u00edtica de Privacidade e Cookies"},"content":{"rendered":"<div id=\"fws_69ff1f9cc1d8e\"  data-column-margin=\"default\" data-midnight=\"dark\"  class=\"wpb_row vc_row-fluid vc_row full-width-section has-row-bg-color\"  style=\"padding-top: 60px; padding-bottom: 30px; --row-bg-color: #292929;\"><div class=\"row-bg-wrap\" data-bg-animation=\"none\" data-bg-animation-delay=\"\" data-bg-overlay=\"false\"><div class=\"inner-wrap row-bg-layer\" ><div class=\"row-bg viewport-desktop using-bg-color\"  style=\"background-color: #292929; \"><\/div><\/div><\/div><div class=\"row_col_wrap_12 col span_12 dark left\">\n\t<div  class=\"vc_col-sm-12 wpb_column column_container vc_column_container col no-extra-padding inherit_tablet inherit_phone flex_gap_desktop_10px\"  data-padding-pos=\"all\" data-has-bg-color=\"false\" data-bg-color=\"\" data-bg-opacity=\"1\" data-animation=\"\" data-delay=\"0\" >\n\t\t<div class=\"vc_column-inner\" >\n\t\t\t<div class=\"wpb_wrapper\">\n\t\t\t\t\n<div class=\"wpb_text_column wpb_content_element\" >\n\t<h3>PRIVACY AND COOKIES POLICY<\/h3>\n<\/div>\n\n\n\n\n\t\t\t<\/div> \n\t\t<\/div>\n\t<\/div> \n<\/div><\/div>\n\t\t<div id=\"fws_69ff1f9cd43b1\"  data-column-margin=\"default\" data-midnight=\"dark\"  class=\"wpb_row vc_row-fluid vc_row full-width-section has-row-bg-color\"  style=\"padding-top: 0px; padding-bottom: 0px; --row-bg-color: #292929;\"><div class=\"row-bg-wrap\" data-bg-animation=\"none\" data-bg-animation-delay=\"\" data-bg-overlay=\"false\"><div class=\"inner-wrap row-bg-layer\" ><div class=\"row-bg viewport-desktop using-bg-color\"  style=\"background-color: #292929; \"><\/div><\/div><\/div><div class=\"row_col_wrap_12 col span_12 dark left\">\n\t<div  class=\"vc_col-sm-12 wpb_column column_container vc_column_container col has-animation no-extra-padding inherit_tablet inherit_phone\"  data-padding-pos=\"all\" data-has-bg-color=\"false\" data-bg-color=\"\" data-bg-opacity=\"1\" data-animation=\"fade-in-from-bottom\" data-delay=\"0\" >\n\t\t<div class=\"vc_column-inner\" >\n\t\t\t<div class=\"wpb_wrapper\">\n\t\t\t\t<div class=\"nectar-responsive-text nectar-link-underline-effect\" style=\"color: #BDB08F;\" data-inherit-heading-family=\"h6\"><p>1. CONDI\u00c7\u00d5ES GERAIS<\/p>\n<\/div>\n<div class=\"wpb_text_column wpb_content_element  vc_custom_1777328296457\" >\n\t<p>Mediante a aceita\u00e7\u00e3o da presente Pol\u00edtica de Privacidade, o utilizador presta o seu consentimento expresso e informado para que os dados pessoais fornecidos atrav\u00e9s do site\u00a0<a href=\"https:\/\/www.grupomcaetano.com\" target=\"_blank\" rel=\"noopener\">www.grupomcaetano.com<\/a>\u00a0sejam inclu\u00eddos num ficheiro da responsabilidade da PREMIUM SHARE \u2013 SGPS, S.A. Esta pol\u00edtica de privacidade tem como objetivo explicar qual a pol\u00edtica de tratamento de dados pessoais da Grupo MCaetano. Se tiver alguma d\u00favida sobre a nossa Pol\u00edtica de Privacidade pode contactar-nos atrav\u00e9s do e-mail:\u00a0<a href=\"mailto:geral@grupomcaetano.com\">geral@grupomcaetano.com<\/a>.<\/p>\n<\/div>\n\n\n\n<div class=\"divider-wrap\" data-alignment=\"default\"><div style=\"margin-top: 12.5px; height: 1px; margin-bottom: 12.5px;\" data-width=\"100%\" data-animate=\"yes\" data-animation-delay=\"500\" data-color=\"accent-color\" class=\"divider-border\"><\/div><\/div>\n\t\t\t<\/div> \n\t\t<\/div>\n\t<\/div> \n<\/div><\/div>\n\t\t<div id=\"fws_69ff1f9cd7e6e\"  data-column-margin=\"default\" data-midnight=\"dark\"  class=\"wpb_row vc_row-fluid vc_row full-width-section has-row-bg-color\"  style=\"padding-top: 30px; padding-bottom: 0px; --row-bg-color: #292929;\"><div class=\"row-bg-wrap\" data-bg-animation=\"none\" data-bg-animation-delay=\"\" data-bg-overlay=\"false\"><div class=\"inner-wrap row-bg-layer\" ><div class=\"row-bg viewport-desktop using-bg-color\"  style=\"background-color: #292929; \"><\/div><\/div><\/div><div class=\"row_col_wrap_12 col span_12 dark left\">\n\t<div  class=\"vc_col-sm-12 wpb_column column_container vc_column_container col has-animation no-extra-padding inherit_tablet inherit_phone\"  data-padding-pos=\"all\" data-has-bg-color=\"false\" data-bg-color=\"\" data-bg-opacity=\"1\" data-animation=\"fade-in-from-bottom\" data-delay=\"0\" >\n\t\t<div class=\"vc_column-inner\" >\n\t\t\t<div class=\"wpb_wrapper\">\n\t\t\t\t<div class=\"nectar-responsive-text nectar-link-underline-effect\" style=\"color: #BDB08F;\" data-inherit-heading-family=\"h6\"><p>2. RESPONS\u00c1VEL PELO TRATAMENTO DE DADOS<\/p>\n<\/div>\n<div class=\"wpb_text_column wpb_content_element  vc_custom_1777328313223\" >\n\t<p>A Grupo MCaetano \u00e9 a entidade respons\u00e1vel pelo tratamento dos dados pessoais, desde a recolha, organiza\u00e7\u00e3o e conserva\u00e7\u00e3o at\u00e9 \u00e0 elimina\u00e7\u00e3o.<\/p>\n<p><strong>Organiza\u00e7\u00e3o:<\/strong> PREMIUM SHARE \u2013 SGPS, S.A.<br \/>\n<strong>Sede:<\/strong> Rua Alves Teixeira, 6, Vidago<br \/>\n<strong>NIPC:<\/strong> 509374182<br \/>\n<strong>Telefone:<\/strong> +226 109 039<br \/>\n<strong>E-mail:<\/strong> <a href=\"mailto:geral@grupomcaetano.com\" target=\"_blank\" rel=\"noopener\">geral@grupomcaetano.com<\/a><\/p>\n<\/div>\n\n\n\n<div class=\"divider-wrap\" data-alignment=\"default\"><div style=\"margin-top: 12.5px; height: 1px; margin-bottom: 12.5px;\" data-width=\"100%\" data-animate=\"yes\" data-animation-delay=\"500\" data-color=\"accent-color\" class=\"divider-border\"><\/div><\/div>\n\t\t\t<\/div> \n\t\t<\/div>\n\t<\/div> \n<\/div><\/div>\n\t\t<div id=\"fws_69ff1f9ceb31e\"  data-column-margin=\"default\" data-midnight=\"dark\"  class=\"wpb_row vc_row-fluid vc_row full-width-section has-row-bg-color\"  style=\"padding-top: 30px; padding-bottom: 0px; --row-bg-color: #292929;\"><div class=\"row-bg-wrap\" data-bg-animation=\"none\" data-bg-animation-delay=\"\" data-bg-overlay=\"false\"><div class=\"inner-wrap row-bg-layer\" ><div class=\"row-bg viewport-desktop using-bg-color\"  style=\"background-color: #292929; \"><\/div><\/div><\/div><div class=\"row_col_wrap_12 col span_12 dark left\">\n\t<div  class=\"vc_col-sm-12 wpb_column column_container vc_column_container col has-animation no-extra-padding inherit_tablet inherit_phone\"  data-padding-pos=\"all\" data-has-bg-color=\"false\" data-bg-color=\"\" data-bg-opacity=\"1\" data-animation=\"fade-in-from-bottom\" data-delay=\"0\" >\n\t\t<div class=\"vc_column-inner\" >\n\t\t\t<div class=\"wpb_wrapper\">\n\t\t\t\t<div class=\"nectar-responsive-text nectar-link-underline-effect\" style=\"color: #BDB08F;\" data-inherit-heading-family=\"h6\"><p>3. DADOS RECOLHIDOS<\/p>\n<\/div>\n<div class=\"wpb_text_column wpb_content_element  vc_custom_1777329227335\" >\n\t<p>A Grupo MCaetano preocupa-se com a privacidade dos seus clientes. Atrav\u00e9s do registo no nosso site e de formul\u00e1rios de pedido para mais informa\u00e7\u00f5es sobre os empreendimentos ou outras quest\u00f5es pertinentes, a Grupo MCaetano recolhe os dados necess\u00e1rios de forma a responder da forma mais conveniente. Obtemos estes dados quando, voluntariamente, os coloca nos formul\u00e1rios de pedido no nosso site. Os dados recolhidos s\u00e3o os seguintes:<\/p>\n<ul role=\"list\">\n<li>Primeiro e \u00faltimo nome<\/li>\n<li>Contacto telef\u00f3nico<\/li>\n<li>Email<\/li>\n<\/ul>\n<\/div>\n\n\n\n<div class=\"divider-wrap\" data-alignment=\"default\"><div style=\"margin-top: 12.5px; height: 1px; margin-bottom: 12.5px;\" data-width=\"100%\" data-animate=\"yes\" data-animation-delay=\"500\" data-color=\"accent-color\" class=\"divider-border\"><\/div><\/div>\n\t\t\t<\/div> \n\t\t<\/div>\n\t<\/div> \n<\/div><\/div>\n\t\t<div id=\"fws_69ff1f9cf0c21\"  data-column-margin=\"default\" data-midnight=\"dark\"  class=\"wpb_row vc_row-fluid vc_row full-width-section has-row-bg-color\"  style=\"padding-top: 30px; padding-bottom: 0px; --row-bg-color: #292929;\"><div class=\"row-bg-wrap\" data-bg-animation=\"none\" data-bg-animation-delay=\"\" data-bg-overlay=\"false\"><div class=\"inner-wrap row-bg-layer\" ><div class=\"row-bg viewport-desktop using-bg-color\"  style=\"background-color: #292929; \"><\/div><\/div><\/div><div class=\"row_col_wrap_12 col span_12 dark left\">\n\t<div  class=\"vc_col-sm-12 wpb_column column_container vc_column_container col has-animation no-extra-padding inherit_tablet inherit_phone\"  data-padding-pos=\"all\" data-has-bg-color=\"false\" data-bg-color=\"\" data-bg-opacity=\"1\" data-animation=\"fade-in-from-bottom\" data-delay=\"0\" >\n\t\t<div class=\"vc_column-inner\" >\n\t\t\t<div class=\"wpb_wrapper\">\n\t\t\t\t<div class=\"nectar-responsive-text nectar-link-underline-effect\" style=\"color: #BDB08F;\" data-inherit-heading-family=\"h6\"><p>4. FINALIDADE DO TRATAMENTO DE DADOS<\/p>\n<\/div>\n<div class=\"wpb_text_column wpb_content_element  vc_custom_1777329208176\" >\n\t<p>Todos os dados requeridos no nosso website s\u00e3o utilizados para:<\/p>\n<ul role=\"list\">\n<li>Apoio ao cliente (nome, e-mail e contacto)<\/li>\n<li>Celebra\u00e7\u00e3o e gest\u00e3o contratual (dados pessoais acima referidos)<\/li>\n<li>Marketing e atividades promocionais (dados pessoais acima referidos)<\/li>\n<li>Estar em conformidade com legisla\u00e7\u00e3o<\/li>\n<\/ul>\n<p>Os seus dados ser\u00e3o partilhados com algumas entidades externas com o objetivo de:<\/p>\n<ul role=\"list\">\n<li>prestar servi\u00e7os<\/li>\n<li>cumprir legisla\u00e7\u00e3o aplic\u00e1vel<\/li>\n<li>responder a inqu\u00e9ritos judiciais e governamentais<\/li>\n<li>publicidade e marketing<\/li>\n<\/ul>\n<\/div>\n\n\n\n<div class=\"divider-wrap\" data-alignment=\"default\"><div style=\"margin-top: 12.5px; height: 1px; margin-bottom: 12.5px;\" data-width=\"100%\" data-animate=\"yes\" data-animation-delay=\"500\" data-color=\"accent-color\" class=\"divider-border\"><\/div><\/div>\n\t\t\t<\/div> \n\t\t<\/div>\n\t<\/div> \n<\/div><\/div>\n\t\t<div id=\"fws_69ff1f9d10e3f\"  data-column-margin=\"default\" data-midnight=\"dark\"  class=\"wpb_row vc_row-fluid vc_row full-width-section has-row-bg-color\"  style=\"padding-top: 30px; padding-bottom: 0px; --row-bg-color: #292929;\"><div class=\"row-bg-wrap\" data-bg-animation=\"none\" data-bg-animation-delay=\"\" data-bg-overlay=\"false\"><div class=\"inner-wrap row-bg-layer\" ><div class=\"row-bg viewport-desktop using-bg-color\"  style=\"background-color: #292929; \"><\/div><\/div><\/div><div class=\"row_col_wrap_12 col span_12 dark left\">\n\t<div  class=\"vc_col-sm-12 wpb_column column_container vc_column_container col has-animation no-extra-padding inherit_tablet inherit_phone\"  data-padding-pos=\"all\" data-has-bg-color=\"false\" data-bg-color=\"\" data-bg-opacity=\"1\" data-animation=\"fade-in-from-bottom\" data-delay=\"0\" >\n\t\t<div class=\"vc_column-inner\" >\n\t\t\t<div class=\"wpb_wrapper\">\n\t\t\t\t<div class=\"nectar-responsive-text nectar-link-underline-effect\" style=\"color: #BDB08F;\" data-inherit-heading-family=\"h6\"><p>5. SEGURAN\u00c7A E PRAZO DE RETEN\u00c7\u00c3O<\/p>\n<\/div>\n<div class=\"wpb_text_column wpb_content_element  vc_custom_1777328859445\" >\n\t<p>A Grupo MCaetano n\u00e3o vende quaisquer dados dos utilizadores a terceiros. Por \u201cdados de car\u00e1ter pessoal\u201d entende-se todos os dados que, direta ou indiretamente, permitem identificar um indiv\u00edduo, como o nome, apelido, n\u00famero de telefone, data de nascimento, endere\u00e7o eletr\u00f3nico, endere\u00e7o postal ou endere\u00e7o IP.<\/p>\n<p>A Grupo MCaetano garante a confidencialidade de todos os dados cedidos pelos seus clientes. Ainda assim, apesar de obter os dados de forma segura, a recolha em rede aberta permite a circula\u00e7\u00e3o de dados pessoais sem condi\u00e7\u00f5es de seguran\u00e7a, havendo a possibilidade de serem vistos e utilizados por terceiros.<\/p>\n<p>Comprometemo-nos a informar todos os clientes se alguma situa\u00e7\u00e3o deste g\u00e9nero se verificar.<\/p>\n<p>A seguran\u00e7a dos dados guardados durante o processo de registo e inseridos no decurso da compra s\u00e3o garantidos pela encrita\u00e7\u00e3o atrav\u00e9s de certificados SSL.<\/p>\n<p>Os seus dados ser\u00e3o conservados apenas durante o per\u00edodo que for necess\u00e1rio, no \u00e2mbito das finalidades descritas nesta Pol\u00edtica de Privacidade, a menos que os dados pessoais em causa sejam necess\u00e1rios para comprovar o cumprimento de obriga\u00e7\u00f5es legais, enquanto n\u00e3o decorrer o prazo de prescri\u00e7\u00e3o dos direitos respetivos, ou caso haja um prazo superior imposto por lei. Quando os seus dados n\u00e3o forem necess\u00e1rios, ser\u00e3o removidos dos nossos registos.<\/p>\n<\/div>\n\n\n\n<div class=\"divider-wrap\" data-alignment=\"default\"><div style=\"margin-top: 12.5px; height: 1px; margin-bottom: 12.5px;\" data-width=\"100%\" data-animate=\"yes\" data-animation-delay=\"500\" data-color=\"accent-color\" class=\"divider-border\"><\/div><\/div>\n\t\t\t<\/div> \n\t\t<\/div>\n\t<\/div> \n<\/div><\/div>\n\t\t<div id=\"fws_69ff1f9d13255\"  data-column-margin=\"default\" data-midnight=\"dark\"  class=\"wpb_row vc_row-fluid vc_row full-width-section has-row-bg-color\"  style=\"padding-top: 30px; padding-bottom: 0px; --row-bg-color: #292929;\"><div class=\"row-bg-wrap\" data-bg-animation=\"none\" data-bg-animation-delay=\"\" data-bg-overlay=\"false\"><div class=\"inner-wrap row-bg-layer\" ><div class=\"row-bg viewport-desktop using-bg-color\"  style=\"background-color: #292929; \"><\/div><\/div><\/div><div class=\"row_col_wrap_12 col span_12 dark left\">\n\t<div  class=\"vc_col-sm-12 wpb_column column_container vc_column_container col has-animation no-extra-padding inherit_tablet inherit_phone\"  data-padding-pos=\"all\" data-has-bg-color=\"false\" data-bg-color=\"\" data-bg-opacity=\"1\" data-animation=\"fade-in-from-bottom\" data-delay=\"0\" >\n\t\t<div class=\"vc_column-inner\" >\n\t\t\t<div class=\"wpb_wrapper\">\n\t\t\t\t<div class=\"nectar-responsive-text nectar-link-underline-effect\" style=\"color: #BDB08F;\" data-inherit-heading-family=\"h6\"><p>6. DIREITOS<\/p>\n<\/div>\n<div class=\"wpb_text_column wpb_content_element  vc_custom_1777328891488\" >\n\t<p>Tratamos os seus dados com base no consentimento que nos d\u00e1. No entanto, tem o direito de retirar o consentimento a qualquer momento. Nos termos da legisla\u00e7\u00e3o de prote\u00e7\u00e3o de dados em vigor, tem o direito de acesso, retifica\u00e7\u00e3o, apagamento, limita\u00e7\u00e3o, oposi\u00e7\u00e3o e portabilidade. Para isso, basta que nos envie um e-mail para\u00a0<a href=\"mailto:geral@grupomcaetano.com\" target=\"_blank\" rel=\"noopener\" data-fpl-component=\"primitive\">geral@grupomcaetano.com<\/a>.Tem o direito a apresentar uma queixa junto da autoridade de prote\u00e7\u00e3o de dados nacional. (Comiss\u00e3o Nacional de Prote\u00e7\u00e3o de Dados \u2013 CNPD | Rua de S\u00e3o Bento, n.\u00ba 148, 3\u00ba, 1200-821 Lisboa | Tel: 351 213928400 | Fax: +351 213976832 | email:\u00a0<a href=\"mailto:geral@cnpd.pt\" target=\"_blank\" rel=\"noopener\" data-fpl-component=\"primitive\">geral@cnpd.pt<\/a>\u00a0|\u00a0<a href=\"https:\/\/www.cnpd.pt\/\" target=\"_blank\" rel=\"noopener\" data-fpl-component=\"primitive\">www.cnpd.pt<\/a>).<\/p>\n<\/div>\n\n\n\n<div class=\"divider-wrap\" data-alignment=\"default\"><div style=\"margin-top: 12.5px; height: 1px; margin-bottom: 12.5px;\" data-width=\"100%\" data-animate=\"yes\" data-animation-delay=\"500\" data-color=\"accent-color\" class=\"divider-border\"><\/div><\/div>\n\t\t\t<\/div> \n\t\t<\/div>\n\t<\/div> \n<\/div><\/div>\n\t\t<div id=\"fws_69ff1f9d15425\"  data-column-margin=\"default\" data-midnight=\"dark\"  class=\"wpb_row vc_row-fluid vc_row full-width-section has-row-bg-color\"  style=\"padding-top: 30px; padding-bottom: 0px; --row-bg-color: #292929;\"><div class=\"row-bg-wrap\" data-bg-animation=\"none\" data-bg-animation-delay=\"\" data-bg-overlay=\"false\"><div class=\"inner-wrap row-bg-layer\" ><div class=\"row-bg viewport-desktop using-bg-color\"  style=\"background-color: #292929; \"><\/div><\/div><\/div><div class=\"row_col_wrap_12 col span_12 dark left\">\n\t<div  class=\"vc_col-sm-12 wpb_column column_container vc_column_container col has-animation no-extra-padding inherit_tablet inherit_phone\"  data-padding-pos=\"all\" data-has-bg-color=\"false\" data-bg-color=\"\" data-bg-opacity=\"1\" data-animation=\"fade-in-from-bottom\" data-delay=\"0\" >\n\t\t<div class=\"vc_column-inner\" >\n\t\t\t<div class=\"wpb_wrapper\">\n\t\t\t\t<div class=\"nectar-responsive-text nectar-link-underline-effect\" style=\"color: #BDB08F;\" data-inherit-heading-family=\"h6\"><p>7. COOKIES<\/p>\n<\/div>\n<div class=\"wpb_text_column wpb_content_element\" >\n\t<p>Os cookies s\u00e3o pequenos ficheiros de dados que s\u00e3o guardados no seu computador pelo nosso site quando o visita, retendo apenas informa\u00e7\u00e3o relacionada com as suas prefer\u00eancias, n\u00e3o incluindo, por isso, os seus dados pessoais. Isto ajudar\u00e1 o site a reconhecer o seu dispositivo na pr\u00f3xima vez que o visitar permitindo uma navega\u00e7\u00e3o mais eficiente e fazendo com que n\u00e3o seja necess\u00e1rio introduzir novamente as mesmas informa\u00e7\u00f5es. Os cookies utilizados t\u00eam car\u00e1cter tempor\u00e1rio, com a \u00fanica finalidade de tornar mais eficaz a sua transmiss\u00e3o posterior. Os utilizadores t\u00eam a possibilidade de configurar o seu navegador para serem avisados sobre a rece\u00e7\u00e3o de cookies e todos os browsers permitem ao utilizador aceitar, recusar ou apagar cookies.<\/p>\n<\/div>\n\n\n\n<div id=\"fws_69ff1f9d17583\" data-midnight=\"\" data-column-margin=\"default\" class=\"wpb_row vc_row-fluid vc_row inner_row  left_padding_30px\"  style=\"padding-bottom: 15px; \"><div class=\"row-bg-wrap\"> <div class=\"row-bg\" ><\/div> <\/div><div class=\"row_col_wrap_12_inner col span_12  left\">\n\t<div  class=\"vc_col-sm-12 wpb_column column_container vc_column_container col child_column no-extra-padding inherit_tablet inherit_phone flex_gap_desktop_10px\"   data-padding-pos=\"all\" data-has-bg-color=\"false\" data-bg-color=\"\" data-bg-opacity=\"1\" data-animation=\"\" data-delay=\"0\" >\n\t\t<div class=\"vc_column-inner\" >\n\t\t<div class=\"wpb_wrapper\">\n\t\t\t<div class=\"nectar-responsive-text nectar-link-underline-effect\" style=\"color: #BDB08F;\" data-inherit-heading-family=\"h6\"><p>7.1 GERIR OS COOKIES<\/p>\n<\/div>\n<div class=\"wpb_text_column wpb_content_element\" >\n\t<p>Atrav\u00e9s do seu navegador, poder\u00e1 visualizar os cookies que existem no seu computador e elimin\u00e1-los de acordo com a sua prefer\u00eancia. Os navegadores de Internet permitem a limita\u00e7\u00e3o do comportamento de um cookie ou a desativa\u00e7\u00e3o dos cookies nas configura\u00e7\u00f5es ou op\u00e7\u00f5es do navegador. As etapas deste processo s\u00e3o diferentes em todos os navegadores, pelo que poder\u00e1 encontrar todos as instru\u00e7\u00f5es no menu de ajuda do seu navegador.<\/p>\n<\/div>\n\n\n\n<div class=\"nectar-responsive-text nectar-link-underline-effect\" style=\"color: #BDB08F;\" data-inherit-heading-family=\"h6\"><p>7.2 QUE TIPOS DE COOKIES EXISTEM?<\/p>\n<\/div>\n<div class=\"wpb_text_column wpb_content_element\" >\n\t<p><strong>Cookies estritamente necess\u00e1rios:<\/strong>\u00a0Permitem a navega\u00e7\u00e3o no website e utiliza\u00e7\u00e3o das aplica\u00e7\u00f5es. Sem estes cookies, os servi\u00e7os n\u00e3o podem ser prestados.<br \/>\n<strong>Cookies anal\u00edticos:<\/strong> S\u00e3o utilizados de forma an\u00f3nima e para efeitos estat\u00edsticos, de forma a melhorar o funcionamento do website.<br \/>\n<strong>Cookies de funcionalidade:<\/strong>\u00a0Servem para guardar as prefer\u00eancias do utilizador relativamente \u00e0 utiliza\u00e7\u00e3o do site, para que n\u00e3o seja necess\u00e1rio configurar o site sempre que o visita.<br \/>\n<strong>Cookies de terceiros:<\/strong>\u00a0Medem o sucesso de aplica\u00e7\u00f5es e a efic\u00e1cia da publicidade de terceiros. Podem tamb\u00e9m ser utilizados no sentido de personalizar um widget com dados do utilizador.<br \/>\n<strong>Cookies de publicidade:<\/strong>\u00a0Direcionam a publicidade em fun\u00e7\u00e3o dos interesses de cada utilizador, de forma a direcionar as campanhas publicit\u00e1rias tendo em conta os gostos dos utilizadores.<\/p>\n<\/div>\n\n\n\n<div class=\"nectar-responsive-text nectar-link-underline-effect\" style=\"color: #BDB08F;\" data-inherit-heading-family=\"h6\"><p>7.3 OS COOKIES PODEM SER:<\/p>\n<\/div>\n<div class=\"wpb_text_column wpb_content_element\" >\n\t<p><strong>Permanentes:<\/strong>\u00a0S\u00e3o aqueles que ficam armazenados ao n\u00edvel do browser nos equipamentos de acesso (como os PCs, Smartphones e Tablets) e s\u00e3o utilizados sempre que se faz uma nova visita a um dos nossos sites. Por norma, s\u00e3o utilizados para direccionar a navega\u00e7\u00e3o aos interesses do utilizador.<br \/>\n<strong>De sess\u00e3o:<\/strong>\u00a0S\u00e3o os chamados cookies tempor\u00e1rios que permanecem no arquivo de cookies do browser at\u00e9 sair do site. A informa\u00e7\u00e3o obtida por estes cookies serve para analisar padr\u00f5es de tr\u00e1fego na Web, que nos permitem identificar problemas e fornecer uma melhor experi\u00eancia de navega\u00e7\u00e3o ao utilizador.<br \/>\n<strong>Permanentes:<\/strong>\u00a0S\u00e3o aqueles que ficam armazenados ao n\u00edvel do browser nos equipamentos de acesso (como os PCs, Smartphones e Tablets) e s\u00e3o utilizados sempre que se faz uma nova visita a um dos nossos sites. Por norma, s\u00e3o utilizados para direccionar a navega\u00e7\u00e3o aos interesses do utilizador.<\/p>\n<\/div>\n\n\n\n\n\t\t<\/div> \n\t<\/div>\n\t<\/div> \n<\/div><\/div><div class=\"divider-wrap\" data-alignment=\"default\"><div style=\"margin-top: 12.5px; height: 1px; margin-bottom: 12.5px;\" data-width=\"100%\" data-animate=\"yes\" data-animation-delay=\"500\" data-color=\"accent-color\" class=\"divider-border\"><\/div><\/div>\n\t\t\t<\/div> \n\t\t<\/div>\n\t<\/div> \n<\/div><\/div>\n\t\t<div id=\"fws_69ff1f9d1ae07\"  data-column-margin=\"default\" data-midnight=\"dark\"  class=\"wpb_row vc_row-fluid vc_row full-width-section has-row-bg-color\"  style=\"padding-top: 30px; padding-bottom: 80px; --row-bg-color: #292929;\"><div class=\"row-bg-wrap\" data-bg-animation=\"none\" data-bg-animation-delay=\"\" data-bg-overlay=\"false\"><div class=\"inner-wrap row-bg-layer\" ><div class=\"row-bg viewport-desktop using-bg-color\"  style=\"background-color: #292929; \"><\/div><\/div><\/div><div class=\"row_col_wrap_12 col span_12 dark left\">\n\t<div  class=\"vc_col-sm-12 wpb_column column_container vc_column_container col has-animation no-extra-padding inherit_tablet inherit_phone\"  data-padding-pos=\"all\" data-has-bg-color=\"false\" data-bg-color=\"\" data-bg-opacity=\"1\" data-animation=\"fade-in-from-bottom\" data-delay=\"0\" >\n\t\t<div class=\"vc_column-inner\" >\n\t\t\t<div class=\"wpb_wrapper\">\n\t\t\t\t<div class=\"nectar-responsive-text nectar-link-underline-effect\" style=\"color: #BDB08F;\" data-inherit-heading-family=\"h6\"><p>8. MAIS INFORMA\u00c7\u00d5ES<\/p>\n<\/div>\n<div class=\"wpb_text_column wpb_content_element  vc_custom_1777329278119\" >\n\t<p>Reservamo-nos no direito de atualizar esta Pol\u00edtica de Privacidade a qualquer momento.<\/p>\n<p>Para obter mais informa\u00e7\u00f5es contacte-nos atrav\u00e9s do e-mail\u00a0<a href=\"mailto:geral@grupomcaetano.com\" target=\"_blank\" rel=\"noopener\" data-fpl-component=\"primitive\">g<\/a><a href=\"mailto:geral@grupomcaetano.com\" target=\"_blank\" rel=\"noopener\" data-fpl-component=\"primitive\">eral@grupomcaetano.com<\/a>.<\/p>\n<\/div>\n\n\n\n\n\t\t\t<\/div> \n\t\t<\/div>\n\t<\/div> \n<\/div><\/div>","protected":false},"excerpt":{"rendered":"POL\u00cdTICA DE PRIVACIDADE E DE COOKIES 1. CONDI\u00c7\u00d5ES GERAIS Mediante a aceita\u00e7\u00e3o da presente Pol\u00edtica de Privacidade, o utilizador presta o seu consentimento expresso e informado para que os dados...","protected":false},"author":1,"featured_media":0,"parent":0,"menu_order":0,"comment_status":"closed","ping_status":"closed","template":"","meta":{"footnotes":""},"class_list":["post-3","page","type-page","status-publish"],"_links":{"self":[{"href":"https:\/\/grupomcaetano.pt\/en\/wp-json\/wp\/v2\/pages\/3","targetHints":{"allow":["GET"]}}],"collection":[{"href":"https:\/\/grupomcaetano.pt\/en\/wp-json\/wp\/v2\/pages"}],"about":[{"href":"https:\/\/grupomcaetano.pt\/en\/wp-json\/wp\/v2\/types\/page"}],"author":[{"embeddable":true,"href":"https:\/\/grupomcaetano.pt\/en\/wp-json\/wp\/v2\/users\/1"}],"replies":[{"embeddable":true,"href":"https:\/\/grupomcaetano.pt\/en\/wp-json\/wp\/v2\/comments?post=3"}],"version-history":[{"count":26,"href":"https:\/\/grupomcaetano.pt\/en\/wp-json\/wp\/v2\/pages\/3\/revisions"}],"predecessor-version":[{"id":707,"href":"https:\/\/grupomcaetano.pt\/en\/wp-json\/wp\/v2\/pages\/3\/revisions\/707"}],"wp:attachment":[{"href":"https:\/\/grupomcaetano.pt\/en\/wp-json\/wp\/v2\/media?parent=3"}],"curies":[{"name":"wp","href":"https:\/\/api.w.org\/{rel}","templated":true}]}}